{"id":15,"date":"2014-05-10T16:04:23","date_gmt":"2014-05-10T14:04:23","guid":{"rendered":"http:\/\/www.securion.de\/?page_id=15"},"modified":"2024-08-24T06:24:30","modified_gmt":"2024-08-24T04:24:30","slug":"home","status":"publish","type":"page","link":"https:\/\/www.securion.de\/","title":{"rendered":""},"content":{"rendered":"<p>Die SECURiON Rheinland-Pfalz GmbH ist die Beratungsgesellschaft der kommunalen Spitzenverb\u00e4nde Rheinland-Pfalz zu Fragen der Informationssicherheit und des Datenschutzes.<\/p>\n<p>Die Bedeutung der Informationssicherheit f\u00fcr die kommunalen Verwaltungen nimmt seit Jahren unverkennbar zu. Die SECURiON hilft den Verwaltungen in Rheinland-Pfalz bei der Planung und Umsetzung von angemessenen Ma\u00dfnahmen um eine kontinuierliche und nachhaltige Verbesserung der\u00a0 Informationssicherheit und des Datenschutzes zu erreichen.<\/p>\n<p>Zu unseren Schwerpunkten z\u00e4hlen unter anderem folgende Leistungen:<\/p>\n<ul>\n<li>Beratung beim Aufbau von Informationssicherheitsmanagementsystemen (ISMS)<\/li>\n<li>Beratung beim Aufbau eines wirksamen Datenschutzmanagements<\/li>\n<li>externer Informationssicherheitsbeauftragter<\/li>\n<li>externer Datenschutzbeauftragter<\/li>\n<li>Coaching Ihres eigenen Personals<\/li>\n<li>Erstellung von Sicherheits- und Datenschutzkonzepten<\/li>\n<li>Durchf\u00fchrung von Schnell\u00fcberpr\u00fcfungen und Kurzrevisionen<\/li>\n<li>Beratung zum Notfallmanagement<\/li>\n<li>Sensibilisierungsma\u00dfnahmen f\u00fcr Mitarbeiter<\/li>\n<li>Leitung und Moderation kommunaler Arbeitsgruppen<\/li>\n<\/ul>\n","protected":false},"excerpt":{"rendered":"<p>Die SECURiON Rheinland-Pfalz GmbH ist die Beratungsgesellschaft der kommunalen Spitzenverb\u00e4nde Rheinland-Pfalz zu Fragen der Informationssicherheit und des Datenschutzes. Die Bedeutung der Informationssicherheit f\u00fcr die kommunalen Verwaltungen nimmt seit Jahren unverkennbar zu. Die SECURiON hilft den Verwaltungen in Rheinland-Pfalz bei der Planung und Umsetzung von angemessenen Ma\u00dfnahmen um eine kontinuierliche und nachhaltige Verbesserung der\u00a0 Informationssicherheit und [&hellip;]<\/p>\n","protected":false},"author":2,"featured_media":0,"parent":0,"menu_order":0,"comment_status":"closed","ping_status":"closed","template":"","meta":{"footnotes":""},"class_list":["post-15","page","type-page","status-publish","hentry"],"_links":{"self":[{"href":"https:\/\/www.securion.de\/index.php?rest_route=\/wp\/v2\/pages\/15","targetHints":{"allow":["GET"]}}],"collection":[{"href":"https:\/\/www.securion.de\/index.php?rest_route=\/wp\/v2\/pages"}],"about":[{"href":"https:\/\/www.securion.de\/index.php?rest_route=\/wp\/v2\/types\/page"}],"author":[{"embeddable":true,"href":"https:\/\/www.securion.de\/index.php?rest_route=\/wp\/v2\/users\/2"}],"replies":[{"embeddable":true,"href":"https:\/\/www.securion.de\/index.php?rest_route=%2Fwp%2Fv2%2Fcomments&post=15"}],"version-history":[{"count":9,"href":"https:\/\/www.securion.de\/index.php?rest_route=\/wp\/v2\/pages\/15\/revisions"}],"predecessor-version":[{"id":174,"href":"https:\/\/www.securion.de\/index.php?rest_route=\/wp\/v2\/pages\/15\/revisions\/174"}],"wp:attachment":[{"href":"https:\/\/www.securion.de\/index.php?rest_route=%2Fwp%2Fv2%2Fmedia&parent=15"}],"curies":[{"name":"wp","href":"https:\/\/api.w.org\/{rel}","templated":true}]}}