{"id":104,"date":"2018-05-24T14:09:13","date_gmt":"2018-05-24T12:09:13","guid":{"rendered":"http:\/\/www.securion.de\/?page_id=104"},"modified":"2025-11-10T13:20:09","modified_gmt":"2025-11-10T12:20:09","slug":"datenschutzerklaerung","status":"publish","type":"page","link":"https:\/\/www.securion.de\/?page_id=104","title":{"rendered":"Datenschutzerkl\u00e4rung"},"content":{"rendered":"\n<h2 class=\"wp-block-heading\">1 Einleitung<\/h2>\n\n\n\n<p>Ziel der vorliegenden Datenschutzerkl\u00e4rung ist, Sie gem. Art. 13 DSGVO dar\u00fcber zu informieren, welche Ihrer personenbezogenen Daten wir zu welchem Zweck und in welchem Umfang verarbeiten.<\/p>\n\n\n\n<p>Dies h\u00e4ngt in entscheidendem Ma\u00dfe davon ab, welche der m\u00f6glichen Funktionen unserer Website Sie konkret nutzen, daher wird im folgenden Text hinsichtlich der einzelnen Nutzungsm\u00f6glichkeiten differenziert.<\/p>\n\n\n\n<p>Die durchg\u00e4ngige Verwendung der maskulinen Form im Text ist ausschlie\u00dflich einer besseren Lesbarkeit geschuldet \u2013 die verwendeten Begriffe beziehen sich jeweils auf alle Geschlechter.<\/p>\n\n\n\n<h2 class=\"wp-block-heading\">2 Geltungsbereich<\/h2>\n\n\n\n<p>Diese Datenschutzerkl\u00e4rung (Stand 05.09.2023) gilt f\u00fcr die Website www.securion.de der SECURION Rheinland-Pfalz GmbH in Mainz, einer Beratungsgesellschaft der kommunalen Spitzenverb\u00e4nde Rheinland-Pfalz zu Fragen der Informationssicherheit und des Datenschutzes.<\/p>\n\n\n\n<h2 class=\"wp-block-heading\">3 Verantwortliche<\/h2>\n\n\n\n<p>F\u00fcr die Website www.securion.de verantwortlich im Sinne der Datenschutzgrundverordnung und des Landesdatenschutzgesetzes Rheinland-Pfalz sowie weiterer datenschutzrechtlicher Regelungen ist die:<\/p>\n\n\n\n<p>SECURION Rheinland-Pfalz GmbH<br>Hindenburgplatz 1<br>55118 Mainz<br>Deutschland<br>Telefon: 06131 \/ 63409-0<br>E-Mail: info[at]securion[dot]de<\/p>\n\n\n\n<h2 class=\"wp-block-heading\">4 Datenschutzbeauftragte<\/h2>\n\n\n\n<p>Die Datenschutzbeauftragte ist:<\/p>\n\n\n\n<p>SECURiON Rheinland-Pfalz GmbH<br>Hindenburgplatz 1<br>55118 Mainz<br>Deutschland<br>Telefon: 06131 \/ 63409- 0<br>E-Mail: datenschutz[at]securion[dot]de<\/p>\n\n\n\n<h2 class=\"wp-block-heading\">5 Umfang der Verarbeitung personenbezogener Daten<\/h2>\n\n\n\n<h3 class=\"wp-block-heading\">5.1 Umfang der Verarbeitung personenbezogener Daten<\/h3>\n\n\n\n<p>Wir verarbeiten Ihre personenbezogenen Daten grunds\u00e4tzlich nur, soweit dies zur Bereitstellung einer funktionsf\u00e4higen Website sowie zur Darstellung unserer&nbsp;Inhalte und Leistungen erforderlich ist.<\/p>\n\n\n\n<p>Sofern keine anderen Rechtsgrundlagen f\u00fcr die Verarbeitung personenbezogener Daten in Betracht kommen (vgl. hierzu 5.2) erfolgt eine Verarbeitung regelm\u00e4\u00dfig nur nach Erteilung Ihrer Einwilligung.<\/p>\n\n\n\n<p>Eine Ausnahme gilt in solchen F\u00e4llen, in denen die vorherige Einholung einer Einwilligung aus tats\u00e4chlichen Gr\u00fcnden nicht m\u00f6glich ist und die Verarbeitung der Daten durch gesetzliche Vorschriften gestattet ist.<\/p>\n\n\n\n<h3 class=\"wp-block-heading\">5.2 Rechtsgrundlagen f\u00fcr die Verarbeitung personenbezogener Daten<\/h3>\n\n\n\n<p>Im Folgenden erhalten Sie eine kurze, allgemeine \u00dcbersicht in Betracht kommender Rechtsgrundlagen.<\/p>\n\n\n\n<h4 class=\"wp-block-heading\">5.2.1 Regelungen der DSGVO &#8211; konkret: Art. 6 Abs. 1 Satz 1 DSGVO<\/h4>\n\n\n\n<p>Die Regelungen der DSGVO haben den Schutz personenbezogener Daten zum Ziel.<\/p>\n\n\n\n<p>Nach Art. 6 DSGVO ist eine Verarbeitung personenbezogener Daten nur dann rechtm\u00e4\u00dfig, wenn <strong>mindestens <\/strong>eine der nachstehenden Bedingungen erf\u00fcllt ist:<\/p>\n\n\n\n<ul class=\"wp-block-list\">\n<li>Art. 6 Abs.1 Satz 1 lit. a) DSGVO&nbsp; Einwilligung<\/li>\n\n\n\n<li>Art. 6 Abs.1 Satz 1 lit. b) DSGVO &#8211; Vertragserf\u00fcllung oder Durchf\u00fchrung vorvertraglicher Ma\u00dfnahmen<\/li>\n\n\n\n<li>Art. 6 Abs.1 Satz 1 lit. c) DSGVO &#8211; Erf\u00fcllung rechtlicher Verpflichtung<\/li>\n\n\n\n<li>Art. 6 Abs.1 Satz 1 lit. d) DSGVO &#8211; Schutz lebenswichtiger Interessen<\/li>\n\n\n\n<li>Art. 6 Abs.1 Satz 1 lit. e) DSGVO &#8211; Wahrnehmung einer Aufgabe im \u00f6ffentlichen Interesse oder in Aus\u00fcbung \u00f6ffentlicher Gewalt <br>oder<\/li>\n\n\n\n<li>Art. 6 Abs.1 Satz 1 lit. f) DSGVO &#8211; Berechtigte Interessen<\/li>\n<\/ul>\n\n\n\n<h4 class=\"wp-block-heading\">5.2.2 Regelungen des TTDSG<\/h4>\n\n\n\n<p>\u00a725 TTDSG sch\u00fctzt in erster Linie die Integrit\u00e4t des Endger\u00e4ts, sodass es hier nicht zwingend darauf ankommt, ob ein Personenbezug gegeben ist.<\/p>\n\n\n\n<p>Die Speicherung von Informationen in der Endeinrichtung des Endnutzers oder der Zugriff auf Informationen, die bereits in der Endeinrichtung gespeichert sind, sind nur zul\u00e4ssig:<\/p>\n\n\n\n<h5 class=\"wp-block-heading\">5.2.2.1 \u00a725 Abs. 1 TTDSG:<\/h5>\n\n\n\n<p>wenn der Benutzer auf der Grundlage von klaren und umfassenden Informationen eingewilligt hat. Die Einwilligung hat gem\u00e4\u00df der Verordnung (EU) 2016\/679 = DSGVO zu erfolgen.<\/p>\n\n\n\n<p>Eine Speicherung von Informationen in der Endeinrichtung des Endnutzers oder der Zugriff auf Informationen, die bereits in der Endeinrichtung gespeichert sind, sind ohne die in \u00a725 Abs. 1 TTDSG vorgesehene Einwilligung zul\u00e4ssig:<\/p>\n\n\n\n<h5 class=\"wp-block-heading\">5.2.2.2 \u00a725 Abs. 2 Satz 1 Nr. 1 TTDSG:<\/h5>\n\n\n\n<p>wenn die Speicherung oder der Zugriff unbedingt erforderlich ist, damit der Anbieter eines Telemediendienstes einen vom Nutzer ausdr\u00fccklich gew\u00fcnschten Telemediendienst zur Verf\u00fcgung stellen kann.<\/p>\n\n\n\n<h4 class=\"wp-block-heading\">5.2.3 weitere bundes- und landesrechtliche Gesetze<\/h4>\n\n\n\n<p>Diese Rechtsgrundlagen werden ggf. durch bundes- (Bsp.: BDSG) bzw. landesrechtliche (Bsp.: LDSG Rheinland-Pfalz) Datenschutzregelungen erg\u00e4nzt.<\/p>\n\n\n\n<p>F\u00fcr die konkreten Verarbeitungsvorg\u00e4nge geben wir im Folgenden die jeweils anwendbare Rechtsgrundlage an. Eine Verarbeitung kann hierbei auch auf mehreren Rechtsgrundlagen beruhen.<\/p>\n\n\n\n<h3 class=\"wp-block-heading\">5.3 Datenl\u00f6schung und Speicherdauer<\/h3>\n\n\n\n<p>Ihre personenbezogenen Daten werden gel\u00f6scht oder gesperrt, sobald der Zweck der Speicherung entf\u00e4llt oder Sie eine erteilte Einwilligung widerrufen.<\/p>\n\n\n\n<p>Eine Speicherung kann \u00fcber den in Satz 1 genannten Zeitpunkt hinaus erfolgen, wenn dies durch den europ\u00e4ischen oder nationalen Gesetzgeber in unionsrechtlichen Verordnungen, Gesetzen oder sonstigen Vorschriften, denen wir unterliegen, vorgesehen wurde. Eine Sperrung oder L\u00f6schung der Daten erfolgt dann, wenn eine durch die genannten Normen vorgeschriebene Speicherfrist abl\u00e4uft, es sei denn, dass eine Erforderlichkeit zur weiteren Speicherung der Daten f\u00fcr einen Vertragsabschluss oder eine Vertragserf\u00fcllung besteht.<\/p>\n\n\n\n<h2 class=\"wp-block-heading\">6 Verlinkungen<\/h2>\n\n\n\n<p>Soweit auf unserer Webseite Verlinkungen zu gesonderten Inhalten verf\u00fcgbar sind, sind diese durch folgendes Symbol erkennbar: <\/p>\n\n\n\n<figure class=\"wp-block-image size-full is-resized\"><a href=\"https:\/\/www.securion.de\/wp-content\/uploads\/2023\/09\/image.png\"><img loading=\"lazy\" decoding=\"async\" width=\"28\" height=\"26\" src=\"https:\/\/www.securion.de\/wp-content\/uploads\/2023\/09\/image.png\" alt=\"\" class=\"wp-image-150\" style=\"width:21px;height:20px\"\/><\/a><\/figure>\n\n\n\n<p>Externe Links zu Inhalten anderer Anbieter sind auf unserer Webseite aktuell nicht vorhanden.<\/p>\n\n\n\n<h2 class=\"wp-block-heading\">7 Einbindung sonstiger externer Dienste<\/h2>\n\n\n\n<p>Diese Webseite nutzt keine Mechanismen, mit denen automatisch Daten der Besucher an externe Anbieter flie\u00dfen (z. B. soziale Medien, Zahlungsanbieter, o.\u00c4.).<\/p>\n\n\n\n<h2 class=\"wp-block-heading\">8 Serverprotokollierung<\/h2>\n\n\n\n<h3 class=\"wp-block-heading\">8.1 Beschreibung und Umfang der Datenverarbeitung<\/h3>\n\n\n\n<p>Auch bei rein informatorischer Nutzung der Website (=keine aktive Eingabe personenbezogener Daten) \u00fcbertr\u00e4gt der Webbrowser Nutzungsdaten an den Server, welche in einem Protokoll (Log) gespeichert werden. Dies betrifft beim Zugriff auf diese Webseite folgenden Daten, welche von Besuchern erhoben und serverseitig protokolliert werden:<\/p>\n\n\n\n<ul class=\"wp-block-list\">\n<li>Datum und Uhrzeit der Serveranfrage<\/li>\n\n\n\n<li>Menge der gesendeten und empfangenen Daten<\/li>\n\n\n\n<li>Referrer URL<\/li>\n\n\n\n<li>Browsertyp und Browserversion<\/li>\n\n\n\n<li>Verwendete IP-Adresse (In den Protokollen wird die IP-Adresse anonymisiert gespeichert, d.h. die IP-Adresse wird automatisch um das letzte Oktett gek\u00fcrzt)<\/li>\n<\/ul>\n\n\n\n<p>Diese Daten werden nicht zu statistischen Zwecken verwendet oder an Dritte weitergegeben. Sie dienen ausschlie\u00dflich der administrativen Verwaltung, z.B. der Fehleranalyse sowie der Strafverfolgung bei Missbrauch.<\/p>\n\n\n\n<p>Der Serverstandort ist in Frankreich.<\/p>\n\n\n\n<h3 class=\"wp-block-heading\">8.2 Rechtsgrundlage f\u00fcr die Verarbeitung personenbezogener Daten<\/h3>\n\n\n\n<p>Die Rechtsgrundlage f\u00fcr die Verarbeitung von personenbezogenen Daten durch die Serverprotokollierung ist Art. 6 Abs. 1 lit. f) DSGVO<\/p>\n\n\n\n<h3 class=\"wp-block-heading\">8.3 Zweck der Datenverarbeitung<\/h3>\n\n\n\n<p>Die vor\u00fcbergehende Speicherung der IP-Adresse durch das System f\u00fcr die Dauer der Sitzung erfolgt lediglich zur Fehleranalyse und um die Funktionsf\u00e4higkeit der Website sicherzustellen. Wir behalten uns allerdings vor, die Server-Logfiles nachtr\u00e4glich zu \u00fcberpr\u00fcfen, sollten konkrete Anhaltspunkt auf eine rechtswidrige Nutzung hinweisen.<\/p>\n\n\n\n<h3 class=\"wp-block-heading\">8.4 Dauer der Speicherung<\/h3>\n\n\n\n<p>Die Daten werden nach Ablauf von 14 Tagen gel\u00f6scht.<\/p>\n\n\n\n<h3 class=\"wp-block-heading\">8.5 Widerspruchs- und Beseitigungsm\u00f6glichkeit<\/h3>\n\n\n\n<p>Die Erfassung der Daten zur Bereitstellung der Website und die Speicherung der Daten in Logfiles ist f\u00fcr den Betrieb der Internetseite zwingend erforderlich. Es besteht folglich seitens des Nutzers keine Widerspruchsm\u00f6glichkeit.<\/p>\n\n\n\n<h2 class=\"wp-block-heading\">9 Cookies<\/h2>\n\n\n\n<p>Cookies sind kleine Textdateien, die auf Ihrem Rechner abgelegt werden und die Ihr Browser speichert. Sie enthalten charakteristische Zeichenfolgen, die eine eindeutige Identifizierung des Browsers beim erneuten Aufrufen einer bereits besuchten Website erm\u00f6glichen und dienen dazu, unser Internetangebot nutzerfreundlicher, effektiver und sicherer zu machen. Sie richten auf Ihrem PC keinen Schaden an und sie enthalten keine Viren.<\/p>\n\n\n\n<p>Wir setzen Cookies im Einklang mit den gesetzlichen Vorschriften ein. Ihre Einwilligung ist in hierbei nicht notwendig, da das Speichern und Auslesen von Informationen, also auch von Cookies, unbedingt erforderlich ist, um einen von Ihnen ausdr\u00fccklich gew\u00fcnschten Telemediendienst (hier: unsere Website) zur Verf\u00fcgung zu stellen. (\u00a725 Abs. 2 Satz 1 Nr. 2 TTDSG)<\/p>\n\n\n\n<p>Es besteht die M\u00f6glichkeit Ihren Browser so einstellen, dass Sie \u00fcber das Setzen von Cookies informiert werden und Cookies nur im Einzelfall erlauben, die Annahme von Cookies f\u00fcr bestimmte F\u00e4lle oder generell ausschlie\u00dfen sowie das automatische L\u00f6schen der Cookies beim Schlie\u00dfen des Browsers aktivieren. Bei der Deaktivierung von Cookies kann die Funktionalit\u00e4t dieser Website eingeschr\u00e4nkt sein. Die Cookies der Webseite www.securion.de speichern keine personenbezogenen Daten.<\/p>\n\n\n\n<h3 class=\"wp-block-heading\">9.1 Zweck der Datenverarbeitung<\/h3>\n\n\n\n<p>Wir verwenden ausschlie\u00dflich technisch notwendige Cookies. Zweck der Verwendung technisch notwendiger Cookies ist, die Nutzung von Websites f\u00fcr die Nutzer zu vereinfachen. Einige Funktionen unserer Internetseite k\u00f6nnen ohne den Einsatz von Cookies nicht angeboten werden. F\u00fcr diese ist es erforderlich, dass der Browser auch nach einem Seitenwechsel wiedererkannt wird.<\/p>\n\n\n\n<p>Die durch technisch notwendige Cookies erhobenen Nutzerdaten werden nicht zur Erstellung von Nutzerprofilen verwendet.<\/p>\n\n\n\n<h3 class=\"wp-block-heading\">9.2 Dauer der Speicherung<\/h3>\n\n\n\n<p>Die technisch notwendigen Cookies werden nach 13 Monaten gel\u00f6scht.<\/p>\n\n\n\n<h3 class=\"wp-block-heading\">9.3 Widerspruchs- und Beseitigungsm\u00f6glichkeit<\/h3>\n\n\n\n<p>Cookies werden auf dem Rechner des Nutzers gespeichert und von diesem an unsere Webseite \u00fcbermittelt. Daher haben Sie als Nutzer auch die volle Kontrolle \u00fcber die Verwendung von Cookies. Durch eine \u00c4nderung der Einstellungen in Ihrem Internetbrowser k\u00f6nnen Sie die \u00dcbertragung von Cookies deaktivieren oder einschr\u00e4nken. Bereits gespeicherte Cookies k\u00f6nnen jederzeit gel\u00f6scht werden. Dies kann auch automatisiert erfolgen. Werden Cookies f\u00fcr unsere Website deaktiviert, k\u00f6nnen nicht mehr alle Funktionen der Website vollumf\u00e4nglich genutzt werde.<\/p>\n\n\n\n<h2 class=\"wp-block-heading\">10 Eingabe personenbezogener Daten<\/h2>\n\n\n\n<p>Wir bieten Ihnen auf dieser Website die M\u00f6glichkeit an, sich mit uns \u00fcber unsere E-Mail Adresse info[at]securion[dot]de oder unser Kontaktformular in Verbindung zu setzen, um eine Anfrage zu stellen. Hierzu erheben wir Informationen, einschlie\u00dflich Ihrer personenbezogenen Daten, damit wir auf Ihre Anfrage reagieren k\u00f6nnen.<\/p>\n\n\n\n<h3 class=\"wp-block-heading\">10.1 Beschreibung und Umfang der Datenverarbeitung<\/h3>\n\n\n\n<h4 class=\"wp-block-heading\">10.1.1 Kontaktaufnahme \u00fcber die Nutzung unserer E-Mail-Adresse<\/h4>\n\n\n\n<p>Im Falle einer Kontaktaufnahme per E-Mail werden die mit der E-Mail von Ihnen \u00fcbermittelten personenbezogenen Daten gespeichert.<\/p>\n\n\n\n<p>Die Daten werden ausschlie\u00dflich f\u00fcr die Verarbeitung der Konversation verwendet, es erfolgt \u2013 mit Ausnahme einer Weiterleitung an den ggf. &nbsp;hausintern zust\u00e4ndigen Ansprechpartner &#8211; keine Weitergabe der Daten an Dritte.<\/p>\n\n\n\n<p>Zudem wird der Absendungszeitpunkt (Datum\/ Uhrzeit der Absendung) einer Nachricht gespeichert.<\/p>\n\n\n\n<h4 class=\"wp-block-heading\">10.1.2 Kontaktaufnahme \u00fcber die Nutzung des Kontaktformulars<\/h4>\n\n\n\n<p>Wenn Sie uns \u00fcber unser Kontaktformular Anfragen zukommen lassen, werden Ihre Angaben aus dem Anfrageformular inklusive der von Ihnen dort angegebenen Kontaktdaten zwecks Bearbeitung der Anfrage bei uns gespeichert. Auch diese Daten geben wir nicht an Dritte weiter.<\/p>\n\n\n\n<p>Es handelt sich dabei um:<\/p>\n\n\n\n<ul class=\"wp-block-list\">\n<li>Name*<\/li>\n\n\n\n<li>E-Mail-Adresse*<\/li>\n\n\n\n<li>Betreff<\/li>\n\n\n\n<li>Nachricht<\/li>\n<\/ul>\n\n\n\n<p class=\"has-text-align-right\">* = Pflichtfeld<\/p>\n\n\n\n<p>Auch hierbei wird der Absendungszeitpunkt (Datum\/ Uhrzeit der Absendung) einer Nachricht gespeichert.<\/p>\n\n\n\n<h3 class=\"wp-block-heading\">10.2 Rechtsgrundlage f\u00fcr die Datenverarbeitung<\/h3>\n\n\n\n<p>Im Absenden Ihrer Kontaktaufnahme ist eine Einwilligung in Art. 6 Abs. 1 Satz 1 a) DSGVO zu sehen.<\/p>\n\n\n\n<p>Zielt die Eingabe personenbezogener Daten auf den Abschluss eines Vertrages, die Bereitstellung einer Dienstleistung oder vorvertragliche Anfragen ab, so ist zus\u00e4tzliche Rechtsgrundlage f\u00fcr die Verarbeitung Art. 6 Abs. 1 lit. b) DSGVO.<\/p>\n\n\n\n<p>Rechtsgrundlage f\u00fcr die Verarbeitung der Daten, die im Zuge einer \u00dcbersendung einer E-Mail \u00fcbermittelt werden, ist Art. 6 Abs. 1 lit. f) DSGVO.<\/p>\n\n\n\n<h3 class=\"wp-block-heading\">10.3 Zweck der Datenverarbeitung<\/h3>\n\n\n\n<p>Zweck der Datenverarbeitung ist die Beantwortung der Anfrage.<\/p>\n\n\n\n<h3 class=\"wp-block-heading\">10.4 Dauer der Speicherung<\/h3>\n\n\n\n<p>Nach abgeschlossener \u00dcbertragung Ihrer E-Mail erfolgt keine Speicherung der \u00fcbermittelten Textinhalte auf dem Webserver.<\/p>\n\n\n\n<p>Im \u00dcbrigen l\u00f6schen wir Ihre via E-Mail \u00fcbermittelten personenbezogenen Daten unverz\u00fcglich, sobald Ihr Anliegen vollumf\u00e4nglich bearbeitet und der Zweck der Datenverarbeitung somit erf\u00fcllt ist oder sobald Sie eine diesbez\u00fcglich erteilte Einwilligung widerrufen.<\/p>\n\n\n\n<p>Eine L\u00f6schung ist jedoch nicht m\u00f6glich, wenn und soweit die Daten noch zum Zweck einer Vertragsabwicklung erforderlich sind oder soweit uns gesetzliche Vorschriften zu weitergehender Speicherung verpflichten.<\/p>\n\n\n\n<p>Ihre f\u00fcr den Zweck einer Vertragsabwicklung gespeicherten Daten speichern wir zwecks Erhaltung von Beweismitteln bis zum Ablauf der gesetzlichen Verj\u00e4hrungsfristen. Nach den \u00a7\u00a7 195 ff. des B\u00fcrgerlichen Gesetzbuches (BGB) k\u00f6nnen diese Verj\u00e4hrungsfristen bis zu 30 Jahre betragen, die regelm\u00e4\u00dfige Verj\u00e4hrungsfrist betr\u00e4gt 3 Jahre.<\/p>\n\n\n\n<p>F\u00fcr steuerrelevante Daten gilt eine Aufbewahrungsfrist von 10 Jahren.<\/p>\n\n\n\n<h3 class=\"wp-block-heading\">10.5 Widerspruchs- und Beseitigungsm\u00f6glichkeit<\/h3>\n\n\n\n<p>Sie haben jederzeit die M\u00f6glichkeit, Ihre Einwilligung zur Verarbeitung Ihrer personenbezogenen Daten zu widerrufen. Durch den Widerruf der Einwilligung wird die Rechtm\u00e4\u00dfigkeit der aufgrund der Einwilligung bis zum Widerruf erfolgten Verarbeitung nicht ber\u00fchrt.&nbsp;(Art. 7 Abs. 3 Satz 2 DSGVO).<\/p>\n\n\n\n<p>Im Falle der Kontaktaufnahme per E-Mail mit uns, k\u00f6nnen sie der Speicherung Ihrer personenbezogenen Daten jederzeit auch per E-Mail widersprechen. In einem solchen Fall ist darauf zu verweisen, dass die Korrespondenz per E-Mail nicht fortgef\u00fchrt werden kann.<\/p>\n\n\n\n<h2 class=\"wp-block-heading\">11 Verschl\u00fcsselung<\/h2>\n\n\n\n<p>Diese Website unterst\u00fctzt eine Verschl\u00fcsselung per HTTPS\/TLS.&nbsp; Dadurch wird verhindert, dass bei der \u00dcbertragung der Nutzer \u00fcbermittelten Daten im Internet diese durch Unbefugte zur Kenntnis genommen oder ver\u00e4ndert werden k\u00f6nnen. Die so gesicherte Verbindung, ist \u00fcber die URL &#8222;https:\/\/www.securion.de\u201c&nbsp;zu erreichen.<\/p>\n\n\n\n<h2 class=\"wp-block-heading\">12 Minderj\u00e4hrigenschutz<\/h2>\n\n\n\n<p>Kinder und Personen unter 18 Jahren sollten ohne Zustimmung der Eltern oder Erziehungsberechtigten keine personenbezogenen Daten an uns \u00fcbermitteln. Wir fordern keine personenbezogenen Daten von Kindern an, sammeln diese nicht und geben sie nicht an Dritte weiter.<\/p>\n\n\n\n<h2 class=\"wp-block-heading\">13 Widerspruch gegen Zusendung von Werbung und Informationsmaterial<\/h2>\n\n\n\n<p>Der Nutzung von im Rahmen der Impressumspflicht ver\u00f6ffentlichten Kontaktdaten zur \u00dcbersendung von nicht ausdr\u00fccklich angeforderter Werbung und Informationsmaterialien wird hiermit widersprochen. Die Betreiber der Website behalten sich ausdr\u00fccklich rechtliche Schritte im Falle der unverlangten Zusendung von Werbeinformationen, etwa durch Spam-E-Mails, vor.<\/p>\n\n\n\n<h2 class=\"wp-block-heading\">14 Betroffenenrechte<\/h2>\n\n\n\n<p>Werden Ihre personenbezogenen Daten verarbeitet, sind Sie betroffene Person im Sinne des Kapitels 3 der DSGVO und es stehen Ihnen bestimmte Rechte gegen\u00fcber dem Verantwortlichen zu. Diese werden nachfolgend zusammengefasst dargestellt, die ausf\u00fchrliche Beschreibung ist einsehbar in Kapitel 3, Art. 12 \u2013 23, sowie in den Artikeln 7, 77 der DSGVO:<\/p>\n\n\n\n<h3 class=\"wp-block-heading\">14.1 Recht auf Auskunft &#8211; Artikel 15 DSGVO<\/h3>\n\n\n\n<p>Mit dem Recht auf Auskunft erh\u00e4lt der Betroffene eine umfassende Einsicht in die ihn angehenden Daten und einige andere wichtige Kriterien wie beispielsweise die Verarbeitungszwecke oder die Dauer der Speicherung.<\/p>\n\n\n\n<h3 class=\"wp-block-heading\">14.2 Recht auf Berichtigung &#8211; Artikel 16 DSGVO<\/h3>\n\n\n\n<p>Das Recht auf Berichtigung beinhaltet die M\u00f6glichkeit f\u00fcr den Betroffenen, unrichtige ihn angehende personenbezogene Daten korrigieren zu lassen.<\/p>\n\n\n\n<h3 class=\"wp-block-heading\">14.3 Recht auf L\u00f6schung &#8211; Artikel 17 DSGVO<\/h3>\n\n\n\n<p>Das Recht auf L\u00f6schung beinhaltet die M\u00f6glichkeit f\u00fcr den Betroffenen, Daten beim Verantwortlichen l\u00f6schen zu lassen. Dies ist allerdings nur dann m\u00f6glich, wenn die ihn angehenden personenbezogenen Daten nicht mehr notwendig sind, rechtswidrig verarbeitet werden oder eine diesbez\u00fcgliche Einwilligung widerrufen wurde.<\/p>\n\n\n\n<h3 class=\"wp-block-heading\">14.4 Recht auf Einschr\u00e4nkung der Verarbeitung &#8211; Artikel 18 DSGVO<\/h3>\n\n\n\n<p>Das Recht auf Einschr\u00e4nkung der Verarbeitung beinhaltet die M\u00f6glichkeit f\u00fcr den Betroffenen, eine weitere Verarbeitung der ihn angehenden personenbezogenen Daten vorerst zu verhindern. Eine Einschr\u00e4nkung tritt vor allem in der Pr\u00fcfungsphase anderer Rechtewahrnehmungen durch den Betroffenen ein.<\/p>\n\n\n\n<h3 class=\"wp-block-heading\">14.5 Recht auf Unterrichtung Dritter &#8211; Artikel 19 DSGVO<\/h3>\n\n\n\n<p>(Mitteilungspflicht im Zusammenhang mit der Berichtigung oder L\u00f6schung personenbezogener Daten oder der Einschr\u00e4nkung der Verarbeitung)<\/p>\n\n\n\n<p>Die bestehende Mitteilungspflicht bedeutet f\u00fcr den Betroffenen, dass der Verantwortliche, sofern er diesem gegen\u00fcber das Recht auf Berichtigung oder L\u00f6schung personenbezogener Daten oder der Einschr\u00e4nkung der Verarbeitung geltend gemacht hat, zugleich verpflichtet ist, allen Empf\u00e4ngern, denen die betreffenden personenbezogenen Daten offengelegt wurden, diese Berichtigung oder L\u00f6schung der Daten oder Einschr\u00e4nkung der Verarbeitung mitzuteilen, es sei denn, dies erweist sich als unm\u00f6glich oder ist mit einem unverh\u00e4ltnism\u00e4\u00dfigen Aufwand verbunden.<\/p>\n\n\n\n<p>Dem Betroffenen steht gegen\u00fcber dem Verantwortlichen ferner das Recht zu, \u00fcber diese Empf\u00e4nger unterrichtet zu werden.<\/p>\n\n\n\n<h3 class=\"wp-block-heading\">14.6 Recht auf Daten\u00fcbertragbarkeit &#8211; Artikel 20 DSGVO<\/h3>\n\n\n\n<p>Das Recht auf Daten\u00fcbertragbarkeit beinhaltet die M\u00f6glichkeit f\u00fcr den Betroffenen, die ihn angehenden personenbezogenen Daten in einem g\u00e4ngigen, maschinenlesbaren Format vom Verantwortlichen zu erhalten, um sie&nbsp;ggf.&nbsp;an einen anderen Verantwortlichen weiterleiten zu lassen. Gem\u00e4\u00df Artikel 20&nbsp;Abs.&nbsp;3 Satz 2&nbsp;DSGVO&nbsp;steht dieses Recht aber dann nicht zur Verf\u00fcgung, wenn die Datenverarbeitung der Wahrnehmung \u00f6ffentlicher Aufgaben dient.<\/p>\n\n\n\n<h3 class=\"wp-block-heading\">14.7 Recht auf Widerspruch &#8211; Artikel 21 DSGVO<\/h3>\n\n\n\n<p>Das Recht auf Widerspruch beinhaltet die M\u00f6glichkeit f\u00fcr Betroffene, in einer besonderen Situation der weiteren Verarbeitung ihrer personenbezogenen Daten zu widersprechen, soweit diese durch die Wahrnehmung \u00f6ffentlicher Aufgaben oder \u00f6ffentlicher sowie privater Interessen gerechtfertigt ist.<\/p>\n\n\n\n<h3 class=\"wp-block-heading\">14.8 Recht auf Beschwerde bei einer Aufsichtsbeh\u00f6rde &#8211; Artikel 77 DSGVO<\/h3>\n\n\n\n<p>Unbeschadet eines anderweitigen verwaltungsrechtlichen oder gerichtlichen Rechtsbehelfs steht Ihnen das Recht auf Beschwerde bei einer Aufsichtsbeh\u00f6rde, insbesondere in dem Mitgliedstaat ihres Aufenthaltsorts, ihres Arbeitsplatzes oder des Orts des mutma\u00dflichen Versto\u00dfes, zu, wenn Sie der Ansicht sind, dass die Verarbeitung der Sie betreffenden personenbezogenen Daten gegen die DSGVO verst\u00f6\u00dft.<\/p>\n\n\n\n<p>Die Aufsichtsbeh\u00f6rde, bei der die Beschwerde eingereicht wurde, unterrichtet den Beschwerdef\u00fchrer \u00fcber den Stand und die Ergebnisse der Beschwerde einschlie\u00dflich der M\u00f6glichkeit eines gerichtlichen Rechtsbehelfs nach Art. 78 DSGVO.<\/p>\n\n\n\n<p>Die Aufsichtsbeh\u00f6rde in Rheinland-Pfalz ist der Landesbeauftragte f\u00fcr den Datenschutz und die Informationsfreiheit Rheinland-Pfalz:<br><\/p>\n\n\n\n<p><strong>Prof. Dr. Dieter Kugelmann<\/strong><br>Hintere Bleiche 34<br>55116 Mainz<br>Telefon: +49 (0) 6131 8920-0<br>Telefax: +49 (0) 6131 8920-299<br>Webseite:&nbsp;<a href=\"https:\/\/www.datenschutz.rlp.de\/\">https:\/\/www.datenschutz.rlp.de\/<\/a><br>E-Mail: <a href=\"mailto:poststelle@datenschutz.rlp.de\">poststelle@datenschutz.rlp.de<\/a><\/p>\n","protected":false},"excerpt":{"rendered":"<p>1 Einleitung Ziel der vorliegenden Datenschutzerkl\u00e4rung ist, Sie gem. Art. 13 DSGVO dar\u00fcber zu informieren, welche Ihrer personenbezogenen Daten wir zu welchem Zweck und in welchem Umfang verarbeiten. Dies h\u00e4ngt in entscheidendem Ma\u00dfe davon ab, welche der m\u00f6glichen Funktionen unserer Website Sie konkret nutzen, daher wird im folgenden Text hinsichtlich der einzelnen Nutzungsm\u00f6glichkeiten differenziert. Die [&hellip;]<\/p>\n","protected":false},"author":2,"featured_media":0,"parent":0,"menu_order":0,"comment_status":"closed","ping_status":"closed","template":"","meta":{"footnotes":""},"class_list":["post-104","page","type-page","status-publish","hentry"],"_links":{"self":[{"href":"https:\/\/www.securion.de\/index.php?rest_route=\/wp\/v2\/pages\/104","targetHints":{"allow":["GET"]}}],"collection":[{"href":"https:\/\/www.securion.de\/index.php?rest_route=\/wp\/v2\/pages"}],"about":[{"href":"https:\/\/www.securion.de\/index.php?rest_route=\/wp\/v2\/types\/page"}],"author":[{"embeddable":true,"href":"https:\/\/www.securion.de\/index.php?rest_route=\/wp\/v2\/users\/2"}],"replies":[{"embeddable":true,"href":"https:\/\/www.securion.de\/index.php?rest_route=%2Fwp%2Fv2%2Fcomments&post=104"}],"version-history":[{"count":11,"href":"https:\/\/www.securion.de\/index.php?rest_route=\/wp\/v2\/pages\/104\/revisions"}],"predecessor-version":[{"id":196,"href":"https:\/\/www.securion.de\/index.php?rest_route=\/wp\/v2\/pages\/104\/revisions\/196"}],"wp:attachment":[{"href":"https:\/\/www.securion.de\/index.php?rest_route=%2Fwp%2Fv2%2Fmedia&parent=104"}],"curies":[{"name":"wp","href":"https:\/\/api.w.org\/{rel}","templated":true}]}}